{"id":970,"date":"2022-06-30T03:32:59","date_gmt":"2022-06-30T03:32:59","guid":{"rendered":"https:\/\/shtheme.com\/demosd\/thecappawp\/?page_id=970"},"modified":"2022-09-25T19:46:03","modified_gmt":"2022-09-25T19:46:03","slug":"sahra-restoran","status":"publish","type":"page","link":"http:\/\/pamukcityhotel.com\/son\/sahra-restoran\/","title":{"rendered":"Sahra Restoran"},"content":{"rendered":"\t\t<div data-elementor-type=\"wp-page\" data-elementor-id=\"970\" class=\"elementor elementor-970\">\n\t\t\t\t\t\t\t\t\t<section class=\"elementor-section elementor-top-section elementor-element elementor-element-38f177a elementor-section-full_width elementor-section-height-default elementor-section-height-default\" data-id=\"38f177a\" data-element_type=\"section\">\n\t\t\t\t\t\t<div class=\"elementor-container elementor-column-gap-no\">\n\t\t\t\t\t<div class=\"elementor-column elementor-col-100 elementor-top-column elementor-element elementor-element-4570fba\" data-id=\"4570fba\" data-element_type=\"column\">\n\t\t\t<div class=\"elementor-widget-wrap elementor-element-populated\">\n\t\t\t\t\t\t\t\t<div class=\"elementor-element elementor-element-4870b23 elementor-align-left elementor-widget elementor-widget-pages-restaurant-banner\" data-id=\"4870b23\" data-element_type=\"widget\" data-widget_type=\"pages-restaurant-banner.default\">\n\t\t\t\t<div class=\"elementor-widget-container\">\n\t\t\t\n\t\t<header class=\"header slider\">\n\t\t\t<div class=\"owl-carousel owl-theme\">\n\t\t\t\t<!-- The opacity on the image is made with \"data-overlay-dark=\"number\". You can change it using the numbers 0-9. -->\n\t\t\t\t\t\t\t\t\t\t\t\t\t\t\t<div class=\"text-center item bg-img\" data-overlay-dark=\"3\" data-background=\"http:\/\/pamukcityhotel.com\/son\/wp-content\/uploads\/2022\/09\/Pamuk-City-Hotel-Restoran01.jpg\"><\/div>\n\t\t\t\t\t\t\t\t\t\t\t\t\t\t\t\t\t\t\t\t<div class=\"text-center item bg-img\" data-overlay-dark=\"3\" data-background=\"http:\/\/pamukcityhotel.com\/son\/wp-content\/uploads\/2022\/09\/Pamuk-City-Hotel-Restoran02.jpg\"><\/div>\n\t\t\t\t\t\t\t\t\t\t\t\t\t\t\t\t\t\t\t\t<div class=\"text-center item bg-img\" data-overlay-dark=\"3\" data-background=\"http:\/\/pamukcityhotel.com\/son\/wp-content\/uploads\/2022\/09\/Pamuk-City-Hotel-Restoran03.jpg\"><\/div>\n\t\t\t\t\t\t\t\t\t\t\t\t<\/div>\n\t\t\t<!-- arrow down -->\n\t\t\t<div class=\"arrow bounce text-center\">\n\t\t\t\t<a href=\"#\" data-scroll-nav=\"1\" class=\"\"> <i class=\"ti-arrow-down\"><\/i> <\/a>\n\t\t\t<\/div>\n\t\t<\/header>\n\n\t\t\t<\/div>\n\t\t\t\t<\/div>\n\t\t\t\t\t<\/div>\n\t\t<\/div>\n\t\t\t\t\t\t\t<\/div>\n\t\t<\/section>\n\t\t\t\t<section class=\"elementor-section elementor-top-section elementor-element elementor-element-1e6dca8 elementor-section-full_width elementor-section-height-default elementor-section-height-default\" data-id=\"1e6dca8\" data-element_type=\"section\">\n\t\t\t\t\t\t<div class=\"elementor-container elementor-column-gap-no\">\n\t\t\t\t\t<div class=\"elementor-column elementor-col-100 elementor-top-column elementor-element elementor-element-1f2ff29\" data-id=\"1f2ff29\" data-element_type=\"column\">\n\t\t\t<div class=\"elementor-widget-wrap elementor-element-populated\">\n\t\t\t\t\t\t\t\t<div class=\"elementor-element elementor-element-405c631 elementor-align-left elementor-widget elementor-widget-pages-restaurant-content\" data-id=\"405c631\" data-element_type=\"widget\" data-widget_type=\"pages-restaurant-content.default\">\n\t\t\t\t<div class=\"elementor-widget-container\">\n\t\t\t\n\t\t<section class=\"rooms-page section-padding\" data-scroll-index=\"1\">\n\t\t\t<div class=\"container\">\n\t\t\t\t<div class=\"row\">\n\t\t\t\t\t<div class=\"col-md-12 text-left\"> \n\t\t\t\t\t\t<span>\n\t\t\t\t\t\t\t\t\t\t\t\t\t\t\t<i class=\"star-rating\"><\/i>\n\t\t\t\t\t\t\t\t<i class=\"star-rating\"><\/i>\n\t\t\t\t\t\t\t\t<i class=\"star-rating\"><\/i>\n\t\t\t\t\t\t\t\t\t\t\t\t\t<\/span>\n\t\t\t\t\t\t\t\t\t\t\t\t\t<div class=\"section-subtitle\">En keyifli kahvalt\u0131 i\u00e7in<\/div>\n\t\t\t\t\t\t\t\t\t\t\t\t\t\t\t\t\t\t\t<div class=\"section-title\">Sahra Restoran<\/div>\n\t\t\t\t\t\t\t\t\t\t\t<\/div>\n\t\t\t\t\t<div class=\"col-md-12\">\n\t\t\t\t\t\t\t\t\t\t\t\t<p class=\"mb-30\">90 ki\u015fi kapasiteli Sahra Restoran hafta i\u00e7i 07.00-10.00 ve hafta sonlar\u0131 07.00-11.00 saatleri aras\u0131nda a\u00e7\u0131k b\u00fcfe kahvalt\u0131 hizmeti sunmaktad\u0131r. <\/p><p>Grup gezileri ve organizasyonlar i\u00e7in Gaziantep'in se\u00e7kin y\u00f6resel lezzetlerini usta \u015feflerin dokunu\u015flar\u0131yla tadarken, Gaziantep mutfa\u011f\u0131na bir kez daha a\u015f\u0131k olacaks\u0131n\u0131z.<\/p>\n<h6>Kahvalt\u0131 Saatleri<\/h6>\n<ul class=\"list-unstyled page-list mb-30\">\n\t<li>\n\t\t<div class=\"page-list-icon\"> <span class=\"ti-time\"><\/span> <\/div>\n\t\t<div class=\"page-list-text\">\n\t\t\t<p>Hafta i\u00e7i: 07.00  \u2013 10.00 <\/p>\n\t\t<\/div>\n\t<\/li>\n\t<li>\n\t\t<div class=\"page-list-icon\"> <span class=\"ti-time\"><\/span> <\/div>\n\t\t<div class=\"page-list-text\">\n\t\t\t<p>Hafta sonu: 07.00 \u2013 11.00 <\/p>\n\t\t<\/div>\n\t<\/li>\n\t<li>\n\t<\/li>\n<\/ul>\n\t\t\t\t\t\t\t\t\t\t\t\t<ul class=\"list-unstyled page-list mb-30\">\n\t\t\t\t\t\t\t\t\t\t\t\t\t<\/ul>\n\t\t\t\t\t<\/div>\n\t\t\t\t<\/div>\n\t\t\t<\/div>\n\t\t<\/section>\n\n\t\t\t<\/div>\n\t\t\t\t<\/div>\n\t\t\t\t\t<\/div>\n\t\t<\/div>\n\t\t\t\t\t\t\t<\/div>\n\t\t<\/section>\n\t\t\t\t\t\t\t<\/div>\n\t\t","protected":false},"excerpt":{"rendered":"<p>En keyifli kahvalt\u0131 i\u00e7in Sahra Restoran 90 ki\u015fi kapasiteli Sahra Restoran hafta i\u00e7i 07.00-10.00 ve hafta sonlar\u0131 07.00-11.00 saatleri aras\u0131nda a\u00e7\u0131k b\u00fcfe kahvalt\u0131 hizmeti sunmaktad\u0131r. Grup gezileri ve organizasyonlar i\u00e7in Gaziantep&#8217;in se\u00e7kin y\u00f6resel lezzetlerini usta \u015feflerin dokunu\u015flar\u0131yla tadarken, Gaziantep mutfa\u011f\u0131na bir kez daha a\u015f\u0131k olacaks\u0131n\u0131z. Kahvalt\u0131 Saatleri Hafta i\u00e7i: 07.00 \u2013 10.00 Hafta sonu: 07.00 [&hellip;]<\/p>\n","protected":false},"author":1,"featured_media":0,"parent":0,"menu_order":0,"comment_status":"closed","ping_status":"closed","template":"page-templates\/dark-sidebar.php","meta":{"_mi_skip_tracking":false},"aioseo_notices":[],"_links":{"self":[{"href":"http:\/\/pamukcityhotel.com\/son\/wp-json\/wp\/v2\/pages\/970"}],"collection":[{"href":"http:\/\/pamukcityhotel.com\/son\/wp-json\/wp\/v2\/pages"}],"about":[{"href":"http:\/\/pamukcityhotel.com\/son\/wp-json\/wp\/v2\/types\/page"}],"author":[{"embeddable":true,"href":"http:\/\/pamukcityhotel.com\/son\/wp-json\/wp\/v2\/users\/1"}],"replies":[{"embeddable":true,"href":"http:\/\/pamukcityhotel.com\/son\/wp-json\/wp\/v2\/comments?post=970"}],"version-history":[{"count":17,"href":"http:\/\/pamukcityhotel.com\/son\/wp-json\/wp\/v2\/pages\/970\/revisions"}],"predecessor-version":[{"id":1901,"href":"http:\/\/pamukcityhotel.com\/son\/wp-json\/wp\/v2\/pages\/970\/revisions\/1901"}],"wp:attachment":[{"href":"http:\/\/pamukcityhotel.com\/son\/wp-json\/wp\/v2\/media?parent=970"}],"curies":[{"name":"wp","href":"https:\/\/api.w.org\/{rel}","templated":true}]}}