{"id":932,"date":"2022-06-29T08:39:38","date_gmt":"2022-06-29T08:39:38","guid":{"rendered":"https:\/\/shtheme.com\/demosd\/thecappawp\/?page_id=932"},"modified":"2022-09-09T22:16:15","modified_gmt":"2022-09-09T22:16:15","slug":"hakkimizda","status":"publish","type":"page","link":"http:\/\/pamukcityhotel.com\/son\/hakkimizda\/","title":{"rendered":"Hakk\u0131m\u0131zda"},"content":{"rendered":"\t\t<div data-elementor-type=\"wp-page\" data-elementor-id=\"932\" class=\"elementor elementor-932\">\n\t\t\t\t\t\t\t\t\t<section class=\"elementor-section elementor-top-section elementor-element elementor-element-f3b5b07 elementor-section-full_width elementor-section-height-default elementor-section-height-default\" data-id=\"f3b5b07\" data-element_type=\"section\">\n\t\t\t\t\t\t<div class=\"elementor-container elementor-column-gap-no\">\n\t\t\t\t\t<div class=\"elementor-column elementor-col-100 elementor-top-column elementor-element elementor-element-cf57940\" data-id=\"cf57940\" data-element_type=\"column\">\n\t\t\t<div class=\"elementor-widget-wrap elementor-element-populated\">\n\t\t\t\t\t\t\t\t<div class=\"elementor-element elementor-element-097d2ae elementor-align-left elementor-widget elementor-widget-pages-banner\" data-id=\"097d2ae\" data-element_type=\"widget\" data-widget_type=\"pages-banner.default\">\n\t\t\t\t<div class=\"elementor-widget-container\">\n\t\t\t\n\t\t\t\t<div class=\"banner-header section-padding valign bg-img bg-fixed\" data-overlay-dark=\"4\" data-background=\"http:\/\/pamukcityhotel.com\/son\/wp-content\/uploads\/2022\/09\/Hakkimizda.jpg\">\n\t\t\t\t\t<div class=\"container\">\n\t\t\t\t<div class=\"row\">\n\t\t\t\t\t<div class=\"col-md-12 caption mt-90\">\n\t\t\t\t\t\t\t\t\t\t\t\t<h5>Pamuk City Hotel<\/h5>\n\t\t\t\t\t\t\t\t\t\t\t\t\t\t\t\t\t\t<h1>Hakk\u0131m\u0131zda<\/h1>\n\t\t\t\t\t\t\t\t\t\t\t<\/div>\n\t\t\t\t<\/div>\n\t\t\t<\/div>\n\t\t<\/div>\n\n\t\t\t<\/div>\n\t\t\t\t<\/div>\n\t\t\t\t\t<\/div>\n\t\t<\/div>\n\t\t\t\t\t\t\t<\/div>\n\t\t<\/section>\n\t\t\t\t<section class=\"elementor-section elementor-top-section elementor-element elementor-element-b1c9f21 elementor-section-full_width elementor-section-height-default elementor-section-height-default\" data-id=\"b1c9f21\" data-element_type=\"section\">\n\t\t\t\t\t\t<div class=\"elementor-container elementor-column-gap-no\">\n\t\t\t\t\t<div class=\"elementor-column elementor-col-100 elementor-top-column elementor-element elementor-element-2e735d2\" data-id=\"2e735d2\" data-element_type=\"column\">\n\t\t\t<div class=\"elementor-widget-wrap elementor-element-populated\">\n\t\t\t\t\t\t\t\t<div class=\"elementor-element elementor-element-1d52186 elementor-align-left elementor-widget elementor-widget-home-about\" data-id=\"1d52186\" data-element_type=\"widget\" data-widget_type=\"home-about.default\">\n\t\t\t\t<div class=\"elementor-widget-container\">\n\t\t\t\n\t\t<section class=\"about section-padding\">\n\t\t\t<h2 style=\"display: none!important;\">The Cappa<\/h2>\n\t\t\t<div class=\"container\">\n\t\t\t\t<div class=\"row\">\n\t\t\t\t\t<div class=\"col-md-6 mb-30 animate-box\" data-animate-effect=\"fadeInUp\">\n\t\t\t\t\t\t<span>\n\t\t\t\t\t\t\t\t\t\t\t\t\t\t\t<i class=\"star-rating\"><\/i>\n\t\t\t\t\t\t\t\t<i class=\"star-rating\"><\/i>\n\t\t\t\t\t\t\t\t<i class=\"star-rating\"><\/i>\n\t\t\t\t\t\t\t\t\t\t\t\t\t<\/span>\n\t\t\t\t\t\t\t\t\t\t\t\t<div class=\"section-subtitle\">GAZ\u0130ANTEP'\u0130N EN MERKEZ\u0130 OTEL\u0130<\/div>\n\t\t\t\t\t\t\t\t\t\t\t\t\t\t\t\t\t\t<div class=\"section-title\">PAMUK CITY HOTEL<\/div>\n\t\t\t\t\t\t\t\t\t\t\t\t\t\t\t\t\t\t<p>Pamuk City Hotel, Gaziantep i\u015f hayat\u0131n\u0131n, sosyal ya\u015fam\u0131n ve t\u00fcm turistik b\u00f6lgelerin merkezinde konumlanm\u0131\u015ft\u0131r. Gaziantep'e yapaca\u011f\u0131n\u0131z gerek i\u015f, gerek \u00f6zel ziyaretlerinizde sizleri evinizin konforunda a\u011f\u0131rlamaya haz\u0131r 3 y\u0131ld\u0131zl\u0131 \u015fehir otelimiz, ayr\u0131cal\u0131kl\u0131 bir konaklama imkan\u0131 sunuyor.\n<\/p><p>\nPamuk City Hotel'in siz se\u00e7kin misafirlerimizin rahat\u0131 d\u00fc\u015f\u00fcn\u00fclerek haz\u0131rlanm\u0131\u015f; 1 suit, 5 family, 5 double delux, 15 twin, 8 double economic, 3 double lux ve 4 double standart olmak \u00fczere 41 odas\u0131 bulunuyor.<\/p><p>\n\nKlima, mini bar, telefon, \u00fccretsiz internet, sa\u00e7 kurutma makinesi t\u00fcm odalar\u0131m\u0131zda standart olarak yer al\u0131yor.\n<\/p><p>\nAyr\u0131ca seyahatlerini \u00f6zel ara\u00e7lar\u0131yla ger\u00e7ekle\u015ftiren m\u00fc\u015fterilerimiz i\u00e7in a\u00e7\u0131k ve kapal\u0131 otopark hizmeti de \u00fccretsizdir.\n<\/p><p>\nK\u00fclt\u00fcr turizminin merkezi olan Gaziantep'te konaklayacaklar i\u00e7in m\u00fckemmel bir lokasyona sahip olan Pamuk City Hotel, \u015fehrin k\u00fclt\u00fcrel miras\u0131n\u0131n tam ortas\u0131nda yer al\u0131yor.<\/p>\t\t\t\t\t\t\t\t\t\t\t\t<!-- call -->\n\t\t\t\t\t\t\t\t\t\t\t<\/div>\n\t\t\t\t\t\t\t\t\t\t<div class=\"col col-md-3 animate-box\" data-animate-effect=\"fadeInUp\">\n\t\t\t\t\t\t<img src=\"http:\/\/pamukcityhotel.com\/son\/wp-content\/uploads\/2022\/09\/DSC5771-kopya.jpg\" alt=\"\" class=\"mt-90 mb-30\">\n\t\t\t\t\t<\/div>\n\t\t\t\t\t\t\t\t\t\t\t\t\t\t\t<div class=\"col col-md-3 animate-box\" data-animate-effect=\"fadeInUp\">\n\t\t\t\t\t\t<img src=\"http:\/\/pamukcityhotel.com\/son\/wp-content\/uploads\/2022\/09\/DSC5764-kopya.jpg\" alt=\"\">\n\t\t\t\t\t<\/div>\n\t\t\t\t\t\t\t\t\t<\/div>\n\t\t\t<\/div>\n\t\t<\/section>\n\n\t\t\t<\/div>\n\t\t\t\t<\/div>\n\t\t\t\t\t<\/div>\n\t\t<\/div>\n\t\t\t\t\t\t\t<\/div>\n\t\t<\/section>\n\t\t\t\t<section class=\"elementor-section elementor-top-section elementor-element elementor-element-862fed1 elementor-section-boxed elementor-section-height-default elementor-section-height-default\" data-id=\"862fed1\" data-element_type=\"section\">\n\t\t\t\t\t\t<div class=\"elementor-container elementor-column-gap-default\">\n\t\t\t\t\t<div class=\"elementor-column elementor-col-100 elementor-top-column elementor-element elementor-element-0cdc053\" data-id=\"0cdc053\" data-element_type=\"column\">\n\t\t\t<div class=\"elementor-widget-wrap\">\n\t\t\t\t\t\t\t\t\t<\/div>\n\t\t<\/div>\n\t\t\t\t\t\t\t<\/div>\n\t\t<\/section>\n\t\t\t\t\t\t\t<\/div>\n\t\t","protected":false},"excerpt":{"rendered":"<p>Pamuk City Hotel Hakk\u0131m\u0131zda The Cappa GAZ\u0130ANTEP&#8217;\u0130N EN MERKEZ\u0130 OTEL\u0130 PAMUK CITY HOTEL Pamuk City Hotel, Gaziantep i\u015f hayat\u0131n\u0131n, sosyal ya\u015fam\u0131n ve t\u00fcm turistik b\u00f6lgelerin merkezinde konumlanm\u0131\u015ft\u0131r. Gaziantep&#8217;e yapaca\u011f\u0131n\u0131z gerek i\u015f, gerek \u00f6zel ziyaretlerinizde sizleri evinizin konforunda a\u011f\u0131rlamaya haz\u0131r 3 y\u0131ld\u0131zl\u0131 \u015fehir otelimiz, ayr\u0131cal\u0131kl\u0131 bir konaklama imkan\u0131 sunuyor. Pamuk City Hotel&#8217;in siz se\u00e7kin misafirlerimizin rahat\u0131 [&hellip;]<\/p>\n","protected":false},"author":1,"featured_media":0,"parent":0,"menu_order":0,"comment_status":"closed","ping_status":"closed","template":"page-templates\/dark-sidebar.php","meta":{"_mi_skip_tracking":false},"aioseo_notices":[],"_links":{"self":[{"href":"http:\/\/pamukcityhotel.com\/son\/wp-json\/wp\/v2\/pages\/932"}],"collection":[{"href":"http:\/\/pamukcityhotel.com\/son\/wp-json\/wp\/v2\/pages"}],"about":[{"href":"http:\/\/pamukcityhotel.com\/son\/wp-json\/wp\/v2\/types\/page"}],"author":[{"embeddable":true,"href":"http:\/\/pamukcityhotel.com\/son\/wp-json\/wp\/v2\/users\/1"}],"replies":[{"embeddable":true,"href":"http:\/\/pamukcityhotel.com\/son\/wp-json\/wp\/v2\/comments?post=932"}],"version-history":[{"count":20,"href":"http:\/\/pamukcityhotel.com\/son\/wp-json\/wp\/v2\/pages\/932\/revisions"}],"predecessor-version":[{"id":1815,"href":"http:\/\/pamukcityhotel.com\/son\/wp-json\/wp\/v2\/pages\/932\/revisions\/1815"}],"wp:attachment":[{"href":"http:\/\/pamukcityhotel.com\/son\/wp-json\/wp\/v2\/media?parent=932"}],"curies":[{"name":"wp","href":"https:\/\/api.w.org\/{rel}","templated":true}]}}