{"id":1057,"date":"2022-07-04T03:50:50","date_gmt":"2022-07-04T03:50:50","guid":{"rendered":"https:\/\/shtheme.com\/demosd\/thecappawp\/?page_id=1057"},"modified":"2022-09-10T19:04:49","modified_gmt":"2022-09-10T19:04:49","slug":"gaziantepi-kesfet","status":"publish","type":"page","link":"http:\/\/pamukcityhotel.com\/son\/gaziantepi-kesfet\/","title":{"rendered":"Gaziantep&#8217;i Ke\u015ffet"},"content":{"rendered":"\t\t<div data-elementor-type=\"wp-page\" data-elementor-id=\"1057\" class=\"elementor elementor-1057\">\n\t\t\t\t\t\t\t\t\t<section class=\"elementor-section elementor-top-section elementor-element elementor-element-0900db4 elementor-section-full_width elementor-section-height-default elementor-section-height-default\" data-id=\"0900db4\" data-element_type=\"section\">\n\t\t\t\t\t\t<div class=\"elementor-container elementor-column-gap-no\">\n\t\t\t\t\t<div class=\"elementor-column elementor-col-100 elementor-top-column elementor-element elementor-element-3152bda\" data-id=\"3152bda\" data-element_type=\"column\">\n\t\t\t<div class=\"elementor-widget-wrap elementor-element-populated\">\n\t\t\t\t\t\t\t\t<div class=\"elementor-element elementor-element-45134cf elementor-align-left elementor-widget elementor-widget-pages-banner\" data-id=\"45134cf\" data-element_type=\"widget\" data-widget_type=\"pages-banner.default\">\n\t\t\t\t<div class=\"elementor-widget-container\">\n\t\t\t\n\t\t\t\t<div class=\"banner-header section-padding valign bg-img bg-fixed\" data-overlay-dark=\"4\" data-background=\"http:\/\/pamukcityhotel.com\/son\/wp-content\/uploads\/2022\/09\/517_9.jpg\">\n\t\t\t\t\t<div class=\"container\">\n\t\t\t\t<div class=\"row\">\n\t\t\t\t\t<div class=\"col-md-12 caption mt-90\">\n\t\t\t\t\t\t\t\t\t\t\t\t<h5>UYGARLIK TAR\u0130H\u0130NE TANIKLIK ED\u0130N<\/h5>\n\t\t\t\t\t\t\t\t\t\t\t\t\t\t\t\t\t\t<h1>Gaziantep'i Ke\u015ffet<\/h1>\n\t\t\t\t\t\t\t\t\t\t\t<\/div>\n\t\t\t\t<\/div>\n\t\t\t<\/div>\n\t\t<\/div>\n\n\t\t\t<\/div>\n\t\t\t\t<\/div>\n\t\t\t\t\t<\/div>\n\t\t<\/div>\n\t\t\t\t\t\t\t<\/div>\n\t\t<\/section>\n\t\t\t\t<section class=\"elementor-section elementor-top-section elementor-element elementor-element-4dabbbe elementor-section-full_width elementor-section-height-default elementor-section-height-default\" data-id=\"4dabbbe\" data-element_type=\"section\">\n\t\t\t\t\t\t<div class=\"elementor-container elementor-column-gap-no\">\n\t\t\t\t\t<div class=\"elementor-column elementor-col-100 elementor-top-column elementor-element elementor-element-28fc5da\" data-id=\"28fc5da\" data-element_type=\"column\">\n\t\t\t<div class=\"elementor-widget-wrap elementor-element-populated\">\n\t\t\t\t\t\t\t\t<div class=\"elementor-element elementor-element-508c6d2 elementor-align-left elementor-widget elementor-widget-pages-blog\" data-id=\"508c6d2\" data-element_type=\"widget\" data-widget_type=\"pages-blog.default\">\n\t\t\t\t<div class=\"elementor-widget-container\">\n\t\t\t\n\t\t<section class=\"news section-padding bg-black\">\n\t\t\t<div class=\"container\">\n\t\t\t\t<div class=\"row\">\n\t\t\t\t\t\t\t\t\t\t\t<div class=\"col-md-4 mb-30\">\n\t\t\t\t\t\t\t<div class=\"item\">\n\t\t\t\t\t\t\t\t<div class=\"position-re o-hidden\"> <img src=\"http:\/\/pamukcityhotel.com\/son\/wp-content\/uploads\/2022\/09\/gaziantep-tarihi-2.jpg\" alt=\"\">\n\t\t\t\t\t\t\t\t\t<div class=\"date\">\n\t\t\t\t\t\t\t\t\t\t<a href=\"http:\/\/pamukcityhotel.com\/son\/gaziantepin-tarihi\/\"> <span>Eyl<\/span> <i>10<\/i> <\/a>\n\t\t\t\t\t\t\t\t\t<\/div>\n\t\t\t\t\t\t\t\t<\/div>\n\t\t\t\t\t\t\t\t<div class=\"con\"> <span class=\"category\">Hisset<\/span>\n\t\t\t\t\t\t\t\t\t<h5><a href=\"http:\/\/pamukcityhotel.com\/son\/gaziantepin-tarihi\/\">Gaziantep&#8217;in Tarihi<\/a><\/h5>\n\t\t\t\t\t\t\t\t<\/div>\n\t\t\t\t\t\t\t<\/div>\n\t\t\t\t\t\t<\/div>\n\t\t\t\t\t\t\t\t\t\t\t<div class=\"col-md-4 mb-30\">\n\t\t\t\t\t\t\t<div class=\"item\">\n\t\t\t\t\t\t\t\t<div class=\"position-re o-hidden\"> <img src=\"http:\/\/pamukcityhotel.com\/son\/wp-content\/uploads\/2022\/09\/rumkale001-1.jpg\" alt=\"\">\n\t\t\t\t\t\t\t\t\t<div class=\"date\">\n\t\t\t\t\t\t\t\t\t\t<a href=\"http:\/\/pamukcityhotel.com\/son\/gaziantep-gezi-rehberi\/\"> <span>Eyl<\/span> <i>10<\/i> <\/a>\n\t\t\t\t\t\t\t\t\t<\/div>\n\t\t\t\t\t\t\t\t<\/div>\n\t\t\t\t\t\t\t\t<div class=\"con\"> <span class=\"category\">Ke\u015ffet<\/span>\n\t\t\t\t\t\t\t\t\t<h5><a href=\"http:\/\/pamukcityhotel.com\/son\/gaziantep-gezi-rehberi\/\">Gaziantep Gezi Rehberi<\/a><\/h5>\n\t\t\t\t\t\t\t\t<\/div>\n\t\t\t\t\t\t\t<\/div>\n\t\t\t\t\t\t<\/div>\n\t\t\t\t\t\t\t\t\t\t\t<div class=\"col-md-4 mb-30\">\n\t\t\t\t\t\t\t<div class=\"item\">\n\t\t\t\t\t\t\t\t<div class=\"position-re o-hidden\"> <img src=\"http:\/\/pamukcityhotel.com\/son\/wp-content\/uploads\/2022\/09\/gaziantep-yemekleri-1.jpg\" alt=\"\">\n\t\t\t\t\t\t\t\t\t<div class=\"date\">\n\t\t\t\t\t\t\t\t\t\t<a href=\"http:\/\/pamukcityhotel.com\/son\/gaziantep-yemekleri\/\"> <span>Eyl<\/span> <i>10<\/i> <\/a>\n\t\t\t\t\t\t\t\t\t<\/div>\n\t\t\t\t\t\t\t\t<\/div>\n\t\t\t\t\t\t\t\t<div class=\"con\"> <span class=\"category\">Ya\u015fa<\/span>\n\t\t\t\t\t\t\t\t\t<h5><a href=\"http:\/\/pamukcityhotel.com\/son\/gaziantep-yemekleri\/\">Gaziantep Yemekleri<\/a><\/h5>\n\t\t\t\t\t\t\t\t<\/div>\n\t\t\t\t\t\t\t<\/div>\n\t\t\t\t\t\t<\/div>\n\t\t\t\t\t\t\t\t\t<\/div>\n\t\t\t<\/div>\n\t\t<\/section>\n\t\t\n\n\t\t\t<\/div>\n\t\t\t\t<\/div>\n\t\t\t\t\t<\/div>\n\t\t<\/div>\n\t\t\t\t\t\t\t<\/div>\n\t\t<\/section>\n\t\t\t\t\t\t\t<\/div>\n\t\t","protected":false},"excerpt":{"rendered":"<p>UYGARLIK TAR\u0130H\u0130NE TANIKLIK ED\u0130N Gaziantep&#8217;i Ke\u015ffet Eyl 10 Hisset Gaziantep&#8217;in Tarihi Eyl 10 Ke\u015ffet Gaziantep Gezi Rehberi Eyl 10 Ya\u015fa Gaziantep Yemekleri<\/p>\n","protected":false},"author":1,"featured_media":0,"parent":0,"menu_order":0,"comment_status":"closed","ping_status":"closed","template":"page-templates\/dark-sidebar.php","meta":{"_mi_skip_tracking":false},"aioseo_notices":[],"_links":{"self":[{"href":"http:\/\/pamukcityhotel.com\/son\/wp-json\/wp\/v2\/pages\/1057"}],"collection":[{"href":"http:\/\/pamukcityhotel.com\/son\/wp-json\/wp\/v2\/pages"}],"about":[{"href":"http:\/\/pamukcityhotel.com\/son\/wp-json\/wp\/v2\/types\/page"}],"author":[{"embeddable":true,"href":"http:\/\/pamukcityhotel.com\/son\/wp-json\/wp\/v2\/users\/1"}],"replies":[{"embeddable":true,"href":"http:\/\/pamukcityhotel.com\/son\/wp-json\/wp\/v2\/comments?post=1057"}],"version-history":[{"count":6,"href":"http:\/\/pamukcityhotel.com\/son\/wp-json\/wp\/v2\/pages\/1057\/revisions"}],"predecessor-version":[{"id":1824,"href":"http:\/\/pamukcityhotel.com\/son\/wp-json\/wp\/v2\/pages\/1057\/revisions\/1824"}],"wp:attachment":[{"href":"http:\/\/pamukcityhotel.com\/son\/wp-json\/wp\/v2\/media?parent=1057"}],"curies":[{"name":"wp","href":"https:\/\/api.w.org\/{rel}","templated":true}]}}